{"id":55,"date":"2013-12-11T18:03:10","date_gmt":"2013-12-11T18:03:10","guid":{"rendered":"http:\/\/ramiroestavillo.com\/sparta.com.uy\/?page_id=55"},"modified":"2023-10-16T09:44:45","modified_gmt":"2023-10-16T09:44:45","slug":"constructoras","status":"publish","type":"page","link":"https:\/\/sparta.com.uy\/sp\/nuestros-servicios\/constructoras\/","title":{"rendered":"Constructoras"},"content":{"rendered":"<div class=\"vce-row-container\" data-vce-boxed-width=\"true\"><div class=\"vce-row vce-row--col-gap-30 vce-row-content--top\" id=\"el-55e98abe\" data-vce-do-apply=\"all el-55e98abe\"><div class=\"vce-row-content\" data-vce-element-content=\"true\"><div class=\"vce-col vce-col--md-auto vce-col--xs-1 vce-col--xs-last vce-col--xs-first vce-col--sm-last vce-col--sm-first vce-col--md-first vce-col--lg-first vce-col--xl-first\" id=\"el-b7719a64\"><div class=\"vce-col-inner\" data-vce-do-apply=\"border margin background  el-b7719a64\"><div class=\"vce-col-content\" data-vce-element-content=\"true\" data-vce-do-apply=\"padding el-b7719a64\"><div class=\"vce-text-block\"><div class=\"vce-text-block-wrapper vce\" id=\"el-11955245\" data-vce-do-apply=\"all el-11955245\"><h2><img fetchpriority=\"high\" decoding=\"async\" class=\"aligncenter size-full wp-image-1108\" src=\"https:\/\/sparta.com.uy\/sp\/wp-content\/uploads\/2020\/05\/aro.jpg\" alt=\"\" width=\"225\" height=\"300\"><\/h2>\n<h4 style=\"text-align: center;\"><strong>Tapas de fundici\u00f3n gris<\/strong><\/h4>\n<p style=\"text-align: center;\">Marco y tapa para saneamiento IMM. Medidas reglamentarias seg\u00fan plano IMM, para calzada y vereda.<\/p><\/div><\/div><\/div><\/div><\/div><div class=\"vce-col vce-col--md-auto vce-col--xs-1 vce-col--xs-last vce-col--xs-first vce-col--sm-last vce-col--sm-first\" id=\"el-916bb82c\"><div class=\"vce-col-inner\" data-vce-do-apply=\"border margin background  el-916bb82c\"><div class=\"vce-col-content\" data-vce-element-content=\"true\" data-vce-do-apply=\"padding el-916bb82c\"><div class=\"vce-text-block\"><div class=\"vce-text-block-wrapper vce\" id=\"el-99ff9d9e\" data-vce-do-apply=\"all el-99ff9d9e\"><h2><img decoding=\"async\" class=\"aligncenter wp-image-1231 size-full\" src=\"https:\/\/sparta.com.uy\/sp\/wp-content\/uploads\/2023\/10\/Marco-y-tapa-de-fundicion-gris-tipo-OSE.jpg\" alt=\"\" width=\"225\" height=\"300\"><\/h2><h4 style=\"text-align: center;\"><strong>Marco y tapa de fundici\u00f3n gris tipo OSE<\/strong><\/h4><p style=\"text-align: center;\">Seg\u00fan planos OSE para calzada o vereda.<\/p><\/div><\/div><\/div><\/div><\/div><div class=\"vce-col vce-col--md-auto vce-col--xs-1 vce-col--xs-last vce-col--xs-first vce-col--sm-last vce-col--sm-first vce-col--md-last vce-col--lg-last vce-col--xl-last\" id=\"el-a2fea737\"><div class=\"vce-col-inner\" data-vce-do-apply=\"border margin background  el-a2fea737\"><div class=\"vce-col-content\" data-vce-element-content=\"true\" data-vce-do-apply=\"padding el-a2fea737\"><div class=\"vce-text-block\"><div class=\"vce-text-block-wrapper vce\" id=\"el-e76a8f4d\" data-vce-do-apply=\"all el-e76a8f4d\"><h2 style=\"text-align: center;\"><img decoding=\"async\" class=\"aligncenter size-full wp-image-1074\" src=\"..\/..\/wp-content\/uploads\/2020\/05\/aro-gris-tipo-IMM-300-mm.jpg\" alt=\"\" width=\"225\" height=\"300\"><\/h2>\n<h4 style=\"text-align: center;\"><strong>Marco y tapa de fundici\u00f3n gris tipo IMM 300mm<\/strong><\/h4>\n<p style=\"text-align: center;\">&nbsp;Seg\u00fan planos IMM para calzada o vereda y calzada OSE<\/p><\/div><\/div><\/div><\/div><\/div><\/div><\/div><\/div><div class=\"vce-row-container\" data-vce-boxed-width=\"true\"><div class=\"vce-row vce-row--col-gap-30 vce-row-content--top\" id=\"el-1ed624d7\" data-vce-do-apply=\"all el-1ed624d7\"><div class=\"vce-row-content\" data-vce-element-content=\"true\"><div class=\"vce-col vce-col--md-auto vce-col--xs-1 vce-col--xs-last vce-col--xs-first vce-col--sm-last vce-col--sm-first vce-col--md-first vce-col--lg-first vce-col--xl-first\" id=\"el-40802d3d\"><div class=\"vce-col-inner\" data-vce-do-apply=\"border margin background  el-40802d3d\"><div class=\"vce-col-content\" data-vce-element-content=\"true\" data-vce-do-apply=\"padding el-40802d3d\"><div class=\"vce-text-block\"><div class=\"vce-text-block-wrapper vce\" id=\"el-fa8680c1\" data-vce-do-apply=\"all el-fa8680c1\"><h2><img loading=\"lazy\" decoding=\"async\" class=\"aligncenter size-medium wp-image-870\" src=\"https:\/\/sparta.com.uy\/sp\/wp-content\/uploads\/2013\/12\/antel-225x300.jpg\" alt=\"\" width=\"225\" height=\"300\"><\/h2>\n<h4 style=\"text-align: center;\">&nbsp;<strong>Tapas de ANTEL<\/strong><\/h4><\/div><\/div><\/div><\/div><\/div><div class=\"vce-col vce-col--md-auto vce-col--xs-1 vce-col--xs-last vce-col--xs-first vce-col--sm-last vce-col--sm-first\" id=\"el-eba0d87f\"><div class=\"vce-col-inner\" data-vce-do-apply=\"border margin background  el-eba0d87f\"><div class=\"vce-col-content\" data-vce-element-content=\"true\" data-vce-do-apply=\"padding el-eba0d87f\"><div class=\"vce-text-block\"><div class=\"vce-text-block-wrapper vce\" id=\"el-8e202793\" data-vce-do-apply=\"all el-8e202793\"><h2><a href=\"http:\/\/sparta.com.uy\/sp\/ductil\/\"><img loading=\"lazy\" decoding=\"async\" class=\"aligncenter size-medium wp-image-868\" src=\"https:\/\/sparta.com.uy\/sp\/wp-content\/uploads\/2013\/12\/ductil-225x300.jpg\" alt=\"\" width=\"225\" height=\"300\"><\/a><\/h2>\n<h4 style=\"text-align: center;\"><strong>Tapas de fundici\u00f3n D\u00factil<\/strong><\/h4>\n<p style=\"text-align: center;\">Para saneamiento, de calzada o vereda. Junta de goma. Cierre el\u00e1stico de seguridad. Apertura a 120\u00b0.<\/p><\/div><\/div><\/div><\/div><\/div><div class=\"vce-col vce-col--md-auto vce-col--xs-1 vce-col--xs-last vce-col--xs-first vce-col--sm-last vce-col--sm-first vce-col--md-last vce-col--lg-last vce-col--xl-last\" id=\"el-886f81e8\"><div class=\"vce-col-inner\" data-vce-do-apply=\"border margin background  el-886f81e8\"><div class=\"vce-col-content\" data-vce-element-content=\"true\" data-vce-do-apply=\"padding el-886f81e8\"><div><\/div><\/div><\/div><\/div><\/div><\/div><\/div><div class=\"vce-row-container\" data-vce-boxed-width=\"true\"><div class=\"vce-row vce-row--col-gap-30 vce-row-content--top\" id=\"el-af9b1e36\" data-vce-do-apply=\"all el-af9b1e36\"><div class=\"vce-row-content\" data-vce-element-content=\"true\"><div class=\"vce-col vce-col--md-auto vce-col--xs-1 vce-col--xs-last vce-col--xs-first vce-col--sm-last vce-col--sm-first vce-col--md-last vce-col--lg-last vce-col--xl-last vce-col--md-first vce-col--lg-first vce-col--xl-first\" id=\"el-e4219ce5\"><div class=\"vce-col-inner\" data-vce-do-apply=\"border margin background  el-e4219ce5\"><div class=\"vce-col-content\" data-vce-element-content=\"true\" data-vce-do-apply=\"padding el-e4219ce5\"><div><\/div><\/div><\/div><\/div><\/div><\/div><\/div><div class=\"vce-row-container\" data-vce-boxed-width=\"true\"><div class=\"vce-row vce-row--col-gap-30 vce-row-content--top\" id=\"el-cbee2bf8\" data-vce-do-apply=\"all el-cbee2bf8\"><div class=\"vce-row-content\" data-vce-element-content=\"true\"><div class=\"vce-col vce-col--md-auto vce-col--xs-1 vce-col--xs-last vce-col--xs-first vce-col--sm-last vce-col--sm-first vce-col--md-last vce-col--lg-last vce-col--xl-last vce-col--md-first vce-col--lg-first vce-col--xl-first\" id=\"el-a691c222\"><div class=\"vce-col-inner\" data-vce-do-apply=\"border margin background  el-a691c222\"><div class=\"vce-col-content\" data-vce-element-content=\"true\" data-vce-do-apply=\"padding el-a691c222\"><div class=\"vce-text-block\"><div class=\"vce-text-block-wrapper vce\" id=\"el-f55f0250\" data-vce-do-apply=\"all el-f55f0250\"><h1><strong>Lo que ofrecemos para las CONSTRUCTORAS<\/strong><\/h1><\/div><\/div><\/div><\/div><\/div><\/div><\/div><\/div>","protected":false},"excerpt":{"rendered":"<p>Tapas de fundici\u00f3n gris Marco y tapa para saneamiento IMM. Medidas reglamentarias seg\u00fan plano IMM, para calzada y vereda.Marco y tapa de fundici\u00f3n gris tipo OSESeg\u00fan planos OSE para calzada o vereda. Marco y tapa de fundici\u00f3n gris tipo IMM 300mm &nbsp;Seg\u00fan planos IMM para calzada o vereda y calzada OSE &nbsp;Tapas de ANTEL Tapas [&hellip;]<\/p>\n","protected":false},"author":1,"featured_media":648,"parent":9,"menu_order":0,"comment_status":"closed","ping_status":"closed","template":"","meta":{"site-sidebar-layout":"default","site-content-layout":"","ast-site-content-layout":"","site-content-style":"default","site-sidebar-style":"default","ast-global-header-display":"","ast-banner-title-visibility":"","ast-main-header-display":"","ast-hfb-above-header-display":"","ast-hfb-below-header-display":"","ast-hfb-mobile-header-display":"","site-post-title":"","ast-breadcrumbs-content":"","ast-featured-img":"","footer-sml-layout":"","theme-transparent-header-meta":"","adv-header-id-meta":"","stick-header-meta":"","header-above-stick-meta":"","header-main-stick-meta":"","header-below-stick-meta":"","astra-migrate-meta-layouts":"default","ast-page-background-enabled":"default","ast-page-background-meta":{"desktop":{"background-color":"","background-image":"","background-repeat":"repeat","background-position":"center center","background-size":"auto","background-attachment":"scroll","background-type":"","background-media":"","overlay-type":"","overlay-color":"","overlay-opacity":"","overlay-gradient":""},"tablet":{"background-color":"","background-image":"","background-repeat":"repeat","background-position":"center center","background-size":"auto","background-attachment":"scroll","background-type":"","background-media":"","overlay-type":"","overlay-color":"","overlay-opacity":"","overlay-gradient":""},"mobile":{"background-color":"","background-image":"","background-repeat":"repeat","background-position":"center center","background-size":"auto","background-attachment":"scroll","background-type":"","background-media":"","overlay-type":"","overlay-color":"","overlay-opacity":"","overlay-gradient":""}},"ast-content-background-meta":{"desktop":{"background-color":"var(--ast-global-color-5)","background-image":"","background-repeat":"repeat","background-position":"center center","background-size":"auto","background-attachment":"scroll","background-type":"","background-media":"","overlay-type":"","overlay-color":"","overlay-opacity":"","overlay-gradient":""},"tablet":{"background-color":"var(--ast-global-color-5)","background-image":"","background-repeat":"repeat","background-position":"center center","background-size":"auto","background-attachment":"scroll","background-type":"","background-media":"","overlay-type":"","overlay-color":"","overlay-opacity":"","overlay-gradient":""},"mobile":{"background-color":"var(--ast-global-color-5)","background-image":"","background-repeat":"repeat","background-position":"center center","background-size":"auto","background-attachment":"scroll","background-type":"","background-media":"","overlay-type":"","overlay-color":"","overlay-opacity":"","overlay-gradient":""}},"footnotes":""},"class_list":["post-55","page","type-page","status-publish","has-post-thumbnail","hentry"],"jetpack_sharing_enabled":true,"_links":{"self":[{"href":"https:\/\/sparta.com.uy\/sp\/wp-json\/wp\/v2\/pages\/55","targetHints":{"allow":["GET"]}}],"collection":[{"href":"https:\/\/sparta.com.uy\/sp\/wp-json\/wp\/v2\/pages"}],"about":[{"href":"https:\/\/sparta.com.uy\/sp\/wp-json\/wp\/v2\/types\/page"}],"author":[{"embeddable":true,"href":"https:\/\/sparta.com.uy\/sp\/wp-json\/wp\/v2\/users\/1"}],"replies":[{"embeddable":true,"href":"https:\/\/sparta.com.uy\/sp\/wp-json\/wp\/v2\/comments?post=55"}],"version-history":[{"count":50,"href":"https:\/\/sparta.com.uy\/sp\/wp-json\/wp\/v2\/pages\/55\/revisions"}],"predecessor-version":[{"id":1232,"href":"https:\/\/sparta.com.uy\/sp\/wp-json\/wp\/v2\/pages\/55\/revisions\/1232"}],"up":[{"embeddable":true,"href":"https:\/\/sparta.com.uy\/sp\/wp-json\/wp\/v2\/pages\/9"}],"wp:featuredmedia":[{"embeddable":true,"href":"https:\/\/sparta.com.uy\/sp\/wp-json\/wp\/v2\/media\/648"}],"wp:attachment":[{"href":"https:\/\/sparta.com.uy\/sp\/wp-json\/wp\/v2\/media?parent=55"}],"curies":[{"name":"wp","href":"https:\/\/api.w.org\/{rel}","templated":true}]}}